{"id":461,"date":"2026-03-06T02:19:18","date_gmt":"2026-03-06T02:19:18","guid":{"rendered":"https:\/\/lezhan-music.com\/?post_type=product&#038;p=461"},"modified":"2026-03-25T09:56:20","modified_gmt":"2026-03-25T09:56:20","slug":"el-sentido-de-la-vida-audio-studio-wav","status":"publish","type":"product","link":"https:\/\/lezhan-music.com\/en\/product\/el-sentido-de-la-vida-audio-studio-wav\/","title":{"rendered":"El Sentido de la Vida &#8211; \u00c1lbum Studio WAV"},"content":{"rendered":"<p>\u00c1lbum digital \u00abEl Sentido de la Vida\u00bb en estilo EDM (Electronic Dance Music) de Lezhan Music en formato WAV sin compresi\u00f3n.<\/p>\n<p>Calidad de estudio ideal para DJs, productores y sistemas de sonido profesionales.<\/p>\n<p>Incluye todas las canciones del \u00c1lbum en m\u00e1xima calidad de audio + portada.<\/p>","protected":false},"excerpt":{"rendered":"<p>\u00c1lbum digital \u00abEl Sentido de la Vida\u00bb en estilo EDM (Electronic Dance Music) de Lezhan Music en formato WAV sin compresi\u00f3n. Calidad de estudio ideal para DJs, productores y sistemas de sonido profesionales. Incluye todas las canciones del \u00c1lbum en m\u00e1xima calidad de audio + portada.<\/p>","protected":false},"featured_media":139,"comment_status":"open","ping_status":"closed","template":"","meta":[],"product_brand":[],"product_cat":[19],"product_tag":[25],"class_list":{"0":"post-461","1":"product","2":"type-product","3":"status-publish","4":"has-post-thumbnail","6":"product_cat-album","7":"product_tag-dance","9":"first","10":"instock","11":"featured","12":"downloadable","13":"virtual","14":"purchasable","15":"product-type-simple"},"_links":{"self":[{"href":"https:\/\/lezhan-music.com\/en\/wp-json\/wp\/v2\/product\/461","targetHints":{"allow":["GET"]}}],"collection":[{"href":"https:\/\/lezhan-music.com\/en\/wp-json\/wp\/v2\/product"}],"about":[{"href":"https:\/\/lezhan-music.com\/en\/wp-json\/wp\/v2\/types\/product"}],"replies":[{"embeddable":true,"href":"https:\/\/lezhan-music.com\/en\/wp-json\/wp\/v2\/comments?post=461"}],"wp:featuredmedia":[{"embeddable":true,"href":"https:\/\/lezhan-music.com\/en\/wp-json\/wp\/v2\/media\/139"}],"wp:attachment":[{"href":"https:\/\/lezhan-music.com\/en\/wp-json\/wp\/v2\/media?parent=461"}],"wp:term":[{"taxonomy":"product_brand","embeddable":true,"href":"https:\/\/lezhan-music.com\/en\/wp-json\/wp\/v2\/product_brand?post=461"},{"taxonomy":"product_cat","embeddable":true,"href":"https:\/\/lezhan-music.com\/en\/wp-json\/wp\/v2\/product_cat?post=461"},{"taxonomy":"product_tag","embeddable":true,"href":"https:\/\/lezhan-music.com\/en\/wp-json\/wp\/v2\/product_tag?post=461"}],"curies":[{"name":"wp","href":"https:\/\/api.w.org\/{rel}","templated":true}]}}