{"id":825,"date":"2026-03-25T00:17:53","date_gmt":"2026-03-25T00:17:53","guid":{"rendered":"https:\/\/lezhan-music.com\/?page_id=825"},"modified":"2026-04-15T19:16:21","modified_gmt":"2026-04-15T19:16:21","slug":"la-comunidad-del-vinilo","status":"publish","type":"page","link":"https:\/\/lezhan-music.com\/en\/la-comunidad-del-vinilo\/","title":{"rendered":"The Vinyl Community"},"content":{"rendered":"<div class=\"wp-block-cover\" style=\"min-height:415px;aspect-ratio:unset;\"><img loading=\"lazy\" decoding=\"async\" width=\"1024\" height=\"1024\" class=\"wp-block-cover__image-background wp-image-828 size-full\" alt=\"\" src=\"https:\/\/lezhan-music.com\/wp-content\/uploads\/2026\/03\/file_00000000f9c0720a91845ef2187f3c83.png\" data-object-fit=\"cover\" srcset=\"https:\/\/lezhan-music.com\/wp-content\/uploads\/2026\/03\/file_00000000f9c0720a91845ef2187f3c83.png 1024w, https:\/\/lezhan-music.com\/wp-content\/uploads\/2026\/03\/file_00000000f9c0720a91845ef2187f3c83-300x300.png 300w, https:\/\/lezhan-music.com\/wp-content\/uploads\/2026\/03\/file_00000000f9c0720a91845ef2187f3c83-150x150.png 150w, https:\/\/lezhan-music.com\/wp-content\/uploads\/2026\/03\/file_00000000f9c0720a91845ef2187f3c83-768x768.png 768w, https:\/\/lezhan-music.com\/wp-content\/uploads\/2026\/03\/file_00000000f9c0720a91845ef2187f3c83-12x12.png 12w, https:\/\/lezhan-music.com\/wp-content\/uploads\/2026\/03\/file_00000000f9c0720a91845ef2187f3c83-500x500.png 500w, https:\/\/lezhan-music.com\/wp-content\/uploads\/2026\/03\/file_00000000f9c0720a91845ef2187f3c83-600x600.png 600w, https:\/\/lezhan-music.com\/wp-content\/uploads\/2026\/03\/file_00000000f9c0720a91845ef2187f3c83-100x100.png 100w\" sizes=\"auto, (max-width: 1024px) 100vw, 1024px\" \/><span aria-hidden=\"true\" class=\"wp-block-cover__background has-background-dim\" style=\"background-color:#815d29\"><\/span><div class=\"wp-block-cover__inner-container is-layout-constrained wp-block-cover-is-layout-constrained\">\n<h4 class=\"wp-block-heading has-text-align-center has-large-font-size\"><mark style=\"background-color:rgba(0, 0, 0, 0);color:#ffffff\" class=\"has-inline-color\">THE VINYL C0MMUNITY<\/mark><\/h4>\n\n\n\n<h4 class=\"wp-block-heading has-text-align-center\"><mark style=\"background-color:rgba(0, 0, 0, 0)\" class=\"has-inline-color has-palette-color-8-color\">YOUR VOTE SHAPES THE NEXT ALBUM<\/mark><\/h4>\n<\/div><\/div>\n\n\n\n<h5 class=\"wp-block-heading\">Wellcome to the Vinyl Community<\/h5>\n\n\n\n<p>This page has been created to allow the community to take part in future albums.\nHere, I will be uploading two versions of new tracks, and you will have the opportunity to vote for the one you like the most, so it can become part of the next album.\nI do all of this as a way of thanking you for your support of this musical project.\nThank you very much for being part of this journey. <\/p>\n\n\n\n<p>Estas 2 primeras versiones , son del nuevo \u00c1lbum POP\/ROCK \u00abEn el Camino\u00bb, se titula \u00abDos Almas\u00bb, ayudarme a elegir la mejor para el \u00c1lbum.<\/p>\n\n\n\n<p class=\"has-text-align-center\"><mark style=\"background-color:rgba(0, 0, 0, 0);color:#8ed1fc\" class=\"has-inline-color\">TRACK 1<\/mark><\/p>\n\n\n\n<audio controls controlslist=\"nodownload noplaybackrate\">\n  <source src=\"https:\/\/lezhan-music.com\/wp-content\/uploads\/2026\/04\/4.Dos-Almas_En-El-Camino_Lezhan-Music.wav\" type=\"audio\/mpeg\">\n  Tu navegador no soporta audio.\n<\/audio>\n\n\n\n<hr class=\"wp-block-separator has-alpha-channel-opacity\"\/>\n\n\n\n<p class=\"has-text-align-center\"><mark style=\"background-color:rgba(0, 0, 0, 0);color:#00d084\" class=\"has-inline-color\">TRACK 2<\/mark><\/p>\n\n\n\n<audio controls controlslist=\"nodownload noplaybackrate\">\n  <source src=\"https:\/\/lezhan-music.com\/wp-content\/uploads\/2026\/04\/Dos-Almas_2.wav\" type=\"audio\/mpeg\">\n  Tu navegador no soporta audio.\n<\/audio>\n\n\n\n<p><\/p>\n\n\n\n<h4 class=\"wp-block-heading has-text-align-center\">POLL<\/h4>\n\n\n<div id=\"polls-3\" class=\"wp-polls\">\n\t<form id=\"polls_form_3\" class=\"wp-polls-form\" action=\"\/index.php\" method=\"post\" data-trp-original-action=\"\/index.php\">\n\t\t<p style=\"display: none;\"><input type=\"hidden\" id=\"poll_3_nonce\" name=\"wp-polls-nonce\" value=\"54f3b4cb96\" \/><\/p>\n\t\t<p style=\"display: none;\"><input type=\"hidden\" name=\"poll_id\" value=\"3\" \/><\/p>\n\t\t<p style=\"text-align: center;\"><strong>\u00bf Which track do you prefer for the new album ?<\/strong><\/p><div id=\"polls-3-ans\" class=\"wp-polls-ans\"><ul class=\"wp-polls-ul\">\n\t\t<li><input type=\"radio\" id=\"poll-answer-8\" name=\"poll_3\" value=\"8\" \/> <label for=\"poll-answer-8\">TRACK 1<\/label><\/li>\n\t\t<li><input type=\"radio\" id=\"poll-answer-9\" name=\"poll_3\" value=\"9\" \/> <label for=\"poll-answer-9\">TRACK 2<\/label><\/li>\n\t\t<\/ul><p style=\"text-align: center;\"><input type=\"button\" name=\"vote\" value=\"   Vote Now   \" class=\"Buttons\" onclick=\"poll_vote(3);\" \/><\/p><p style=\"text-align: center;\"><a href=\"#ViewPollResults\" onclick=\"poll_result(3); return false;\" title=\"Ver los resultados de esta encuesta\">View Results<\/a><\/p><\/div>\n\t<input type=\"hidden\" name=\"trp-form-language\" value=\"en\"\/><\/form>\n<\/div>\n<div id=\"polls-3-loading\" class=\"wp-polls-loading\"><img loading=\"lazy\" decoding=\"async\" src=\"https:\/\/lezhan-music.com\/wp-content\/plugins\/wp-polls\/images\/loading.gif\" width=\"16\" height=\"16\" alt=\"Loading ...\" title=\"Loading ...\" class=\"wp-polls-image\" \/>&nbsp;Loading ...<\/div>\n\n\n\n\n<p><\/p>","protected":false},"excerpt":{"rendered":"<p>Bienvenidos a la Comunidad del Vinilo Esta p\u00e1gina est\u00e1 creada, con el fin de que la comunidad participe en los futuros \u00e1lbunes, aqu\u00ed, ir\u00e9 subiendo 2 versiones de temas nuevos y vosotros tendr\u00e9is la oportunidad de votar por el que m\u00e1s os guste, para que pase a formar parte del nuevo \u00c1lbum, todo esto lo [&hellip;]<\/p>\n","protected":false},"author":1,"featured_media":0,"parent":0,"menu_order":0,"comment_status":"closed","ping_status":"closed","template":"","meta":{"footnotes":""},"class_list":["post-825","page","type-page","status-publish","hentry"],"blocksy_meta":[],"_hostinger_reach_plugin_has_subscription_block":false,"_hostinger_reach_plugin_is_elementor":false,"_links":{"self":[{"href":"https:\/\/lezhan-music.com\/en\/wp-json\/wp\/v2\/pages\/825","targetHints":{"allow":["GET"]}}],"collection":[{"href":"https:\/\/lezhan-music.com\/en\/wp-json\/wp\/v2\/pages"}],"about":[{"href":"https:\/\/lezhan-music.com\/en\/wp-json\/wp\/v2\/types\/page"}],"author":[{"embeddable":true,"href":"https:\/\/lezhan-music.com\/en\/wp-json\/wp\/v2\/users\/1"}],"replies":[{"embeddable":true,"href":"https:\/\/lezhan-music.com\/en\/wp-json\/wp\/v2\/comments?post=825"}],"version-history":[{"count":18,"href":"https:\/\/lezhan-music.com\/en\/wp-json\/wp\/v2\/pages\/825\/revisions"}],"predecessor-version":[{"id":894,"href":"https:\/\/lezhan-music.com\/en\/wp-json\/wp\/v2\/pages\/825\/revisions\/894"}],"wp:attachment":[{"href":"https:\/\/lezhan-music.com\/en\/wp-json\/wp\/v2\/media?parent=825"}],"curies":[{"name":"wp","href":"https:\/\/api.w.org\/{rel}","templated":true}]}}