{"id":516,"date":"2026-03-11T14:01:32","date_gmt":"2026-03-11T14:01:32","guid":{"rendered":"https:\/\/lezhan-music.com\/?page_id=516"},"modified":"2026-04-13T19:01:14","modified_gmt":"2026-04-13T19:01:14","slug":"novedades","status":"publish","type":"page","link":"https:\/\/lezhan-music.com\/en\/novedades\/","title":{"rendered":"NEWS"},"content":{"rendered":"<p><\/p>\n\n\n\n<h2 class=\"wp-block-heading has-text-align-center\">NEWS<\/h2>\n\n\n\n<hr class=\"wp-block-separator has-alpha-channel-opacity is-style-wide\"\/>\n\n\n\n<p class=\"translation-block\">Here I will be posting, from time to time, some of my alternative tracks so that you can download them <mark style=\"color:#00d084\" class=\"has-inline-color\">for free<\/mark>.<br>You can even gather them and create your own alternative album, completely \u00ab<mark style=\"color:#00d084\" class=\"has-inline-color\">Free<\/mark>\u00bb.<br>It\u2019s my way of thanking you for your support and for continuing to accompany me on this project.<\/p>\n\n\n\n<hr class=\"wp-block-separator alignfull has-alpha-channel-opacity is-style-wide\"\/>\n\n\n\n<h2 class=\"wp-block-heading has-text-align-center\">ALTERNATIVE TRACK<\/h2>\n\n\n\n<hr class=\"wp-block-separator has-alpha-channel-opacity is-style-wide\"\/>\n\n\n\n<figure class=\"wp-block-image size-full\"><img loading=\"lazy\" decoding=\"async\" width=\"1024\" height=\"1024\" src=\"https:\/\/lezhan-music.com\/wp-content\/uploads\/2026\/03\/11692.png\" alt=\"\" class=\"wp-image-768\" srcset=\"https:\/\/lezhan-music.com\/wp-content\/uploads\/2026\/03\/11692.png 1024w, https:\/\/lezhan-music.com\/wp-content\/uploads\/2026\/03\/11692-300x300.png 300w, https:\/\/lezhan-music.com\/wp-content\/uploads\/2026\/03\/11692-150x150.png 150w, https:\/\/lezhan-music.com\/wp-content\/uploads\/2026\/03\/11692-768x768.png 768w, https:\/\/lezhan-music.com\/wp-content\/uploads\/2026\/03\/11692-12x12.png 12w, https:\/\/lezhan-music.com\/wp-content\/uploads\/2026\/03\/11692-500x500.png 500w, https:\/\/lezhan-music.com\/wp-content\/uploads\/2026\/03\/11692-600x600.png 600w, https:\/\/lezhan-music.com\/wp-content\/uploads\/2026\/03\/11692-100x100.png 100w\" sizes=\"auto, (max-width: 1024px) 100vw, 1024px\" \/><figcaption class=\"wp-element-caption\">Alternative<\/figcaption><\/figure>\n\n\n\n<h2 class=\"wp-block-heading has-text-align-center\">Tu Sonrisa_Alter<\/h2>\n\n\n\n<details class=\"wp-block-details is-layout-flow wp-block-details-is-layout-flow\"><summary>Alternative Track from the Album: \"Los Primeros Pasos\"<\/summary>\n<p><\/p>\n<\/details>\n\n\n\n<figure class=\"wp-block-audio\"><audio controls src=\"https:\/\/lezhan-music.com\/wp-content\/uploads\/2026\/04\/Tu-Sonrisa-_Alter.wav\"><\/audio><\/figure>\n\n\n\n<p class=\"has-text-align-center\">By clicking on the three dots, a menu opens with the download option.<\/p>\n\n\n\n<div class=\"wp-block-file aligncenter\"><a id=\"wp-block-file--media-3c5cd959-89e5-43d4-8eda-e2c75956da3f\" href=\"https:\/\/lezhan-music.com\/wp-content\/uploads\/2026\/04\/Tu-Sonrisa-_Alter.wav\">Tu Sonrisa _Alter<\/a><a href=\"https:\/\/lezhan-music.com\/wp-content\/uploads\/2026\/04\/Tu-Sonrisa-_Alter.wav\" class=\"wp-block-file__button wp-element-button\" download aria-describedby=\"wp-block-file--media-3c5cd959-89e5-43d4-8eda-e2c75956da3f\">Free Download<\/a><\/div>\n\n\n\n<hr class=\"wp-block-separator has-alpha-channel-opacity is-style-wide\"\/>\n\n\n\n<div class=\"wp-block-file aligncenter\"><a id=\"wp-block-file--media-72f25957-5595-434a-a5c4-5a1a27b87d57\" href=\"https:\/\/lezhan-music.com\/wp-content\/uploads\/2026\/03\/11692.png\">Alternative Album Cover<\/a><a href=\"https:\/\/lezhan-music.com\/wp-content\/uploads\/2026\/03\/11692.png\" class=\"wp-block-file__button wp-element-button\" download aria-describedby=\"wp-block-file--media-72f25957-5595-434a-a5c4-5a1a27b87d57\">Cover Download <\/a><\/div>\n\n\n\n<hr class=\"wp-block-separator has-alpha-channel-opacity is-style-wide\"\/>","protected":false},"excerpt":{"rendered":"<p>NOVEDADES Aqu\u00ed ir\u00e9 publicando, de vez en cuando, algunos de mis temas alternativos para que pod\u00e1is descargarlos Gratuitamente.Incluso podr\u00e9is reunirlos y crear vuestro propio \u00e1lbum alternativo, totalmente \u00abGratis\u00bb .Es mi forma de agradeceros vuestro apoyo y el hecho de que sig\u00e1is acompa\u00f1\u00e1ndome en este proyecto. TEMA ALTERNATIVO Tu Sonrisa_Alter Clicando en los 3 puntos , [&hellip;]<\/p>\n","protected":false},"author":1,"featured_media":0,"parent":0,"menu_order":0,"comment_status":"closed","ping_status":"closed","template":"","meta":{"footnotes":""},"class_list":["post-516","page","type-page","status-publish","hentry"],"blocksy_meta":[],"_hostinger_reach_plugin_has_subscription_block":false,"_hostinger_reach_plugin_is_elementor":false,"_links":{"self":[{"href":"https:\/\/lezhan-music.com\/en\/wp-json\/wp\/v2\/pages\/516","targetHints":{"allow":["GET"]}}],"collection":[{"href":"https:\/\/lezhan-music.com\/en\/wp-json\/wp\/v2\/pages"}],"about":[{"href":"https:\/\/lezhan-music.com\/en\/wp-json\/wp\/v2\/types\/page"}],"author":[{"embeddable":true,"href":"https:\/\/lezhan-music.com\/en\/wp-json\/wp\/v2\/users\/1"}],"replies":[{"embeddable":true,"href":"https:\/\/lezhan-music.com\/en\/wp-json\/wp\/v2\/comments?post=516"}],"version-history":[{"count":19,"href":"https:\/\/lezhan-music.com\/en\/wp-json\/wp\/v2\/pages\/516\/revisions"}],"predecessor-version":[{"id":885,"href":"https:\/\/lezhan-music.com\/en\/wp-json\/wp\/v2\/pages\/516\/revisions\/885"}],"wp:attachment":[{"href":"https:\/\/lezhan-music.com\/en\/wp-json\/wp\/v2\/media?parent=516"}],"curies":[{"name":"wp","href":"https:\/\/api.w.org\/{rel}","templated":true}]}}