{"id":37,"date":"2026-02-26T10:26:31","date_gmt":"2026-02-26T10:26:31","guid":{"rendered":"https:\/\/lezhan-music.com\/?page_id=37"},"modified":"2026-03-18T22:41:12","modified_gmt":"2026-03-18T22:41:12","slug":"edm","status":"publish","type":"page","link":"https:\/\/lezhan-music.com\/en\/edm\/","title":{"rendered":"POSITIVE EDM"},"content":{"rendered":"<h1 class=\"wp-block-heading has-text-align-center\">POSITIVE EDM<\/h1>\n\n\n\n<p class=\"has-text-align-center\">POSITIVE ELECTRONIC DANCE MUSIC<\/p>\n\n\n\n<p class=\"translation-block\">You can listen to all my music on this website, and it also available on  <mark class=\"has-inline-color has-palette-color-2-color\">Spotify<\/mark> , <mark class=\"has-inline-color has-palette-color-2-color\">Apple M\u00fasic<\/mark> , <mark class=\"has-inline-color has-palette-color-2-color\">Youtube M\u00fasic<\/mark> and all major streaming plattforms.<\/p>\n\n\n\n<hr class=\"wp-block-separator aligncenter has-alpha-channel-opacity is-style-wide\"\/>\n\n\n\n<h4 class=\"wp-block-heading has-text-align-center\">EL SENTIDO DE LA VIDA \/ DANCE<\/h4>\n\n\n\n<figure class=\"wp-block-image aligncenter size-full is-resized\"><img loading=\"lazy\" decoding=\"async\" width=\"1024\" height=\"1024\" src=\"https:\/\/lezhan-music.com\/wp-content\/uploads\/2026\/02\/file_000000006d3071fd8dc0763121622c1d-3.png\" alt=\"\" class=\"wp-image-44\" style=\"width:402px;height:auto\" srcset=\"https:\/\/lezhan-music.com\/wp-content\/uploads\/2026\/02\/file_000000006d3071fd8dc0763121622c1d-3.png 1024w, https:\/\/lezhan-music.com\/wp-content\/uploads\/2026\/02\/file_000000006d3071fd8dc0763121622c1d-3-300x300.png 300w, https:\/\/lezhan-music.com\/wp-content\/uploads\/2026\/02\/file_000000006d3071fd8dc0763121622c1d-3-100x100.png 100w, https:\/\/lezhan-music.com\/wp-content\/uploads\/2026\/02\/file_000000006d3071fd8dc0763121622c1d-3-600x600.png 600w, https:\/\/lezhan-music.com\/wp-content\/uploads\/2026\/02\/file_000000006d3071fd8dc0763121622c1d-3-500x500.png 500w, https:\/\/lezhan-music.com\/wp-content\/uploads\/2026\/02\/file_000000006d3071fd8dc0763121622c1d-3-150x150.png 150w, https:\/\/lezhan-music.com\/wp-content\/uploads\/2026\/02\/file_000000006d3071fd8dc0763121622c1d-3-768x768.png 768w\" sizes=\"auto, (max-width: 1024px) 100vw, 1024px\" \/><\/figure>\n\n\n\n<hr class=\"wp-block-separator aligncenter has-alpha-channel-opacity is-style-wide\"\/>\n\n\n\n<h4 class=\"wp-block-heading has-text-align-center\">01. <strong>EL SENTIDO DE LA VIDA<\/strong><\/h4>\n\n\n\n<p class=\"has-text-align-center\">( ADELANTO \/ PREVIEW )<\/p>\n\n\n\n<figure class=\"wp-block-audio\"><audio controls src=\"https:\/\/lezhan-music.com\/wp-content\/uploads\/2026\/03\/Preview_Sentido-Vida-2.wav\"><\/audio><\/figure>\n\n\n\n<h4 class=\"wp-block-heading has-text-align-center\">02. <strong>LA NATURALEZA<\/strong><\/h4>\n\n\n\n<p class=\"has-text-align-center\">( ADELANTO \/ PREVIEW )<\/p>\n\n\n\n<figure class=\"wp-block-audio\"><audio controls src=\"https:\/\/lezhan-music.com\/wp-content\/uploads\/2026\/03\/Preview_La-Naturaleza-1.wav\"><\/audio><\/figure>\n\n\n\n<h4 class=\"wp-block-heading has-text-align-center\">03. <strong>VENECIA<\/strong><\/h4>\n\n\n\n<p class=\"has-text-align-center\">( ADELANTO \/ PREVIEW )<\/p>\n\n\n\n<figure class=\"wp-block-audio\"><audio controls src=\"https:\/\/lezhan-music.com\/wp-content\/uploads\/2026\/03\/Preview_Venecia.wav\"><\/audio><\/figure>\n\n\n\n<h4 class=\"wp-block-heading has-text-align-center\">04. <strong>LA AMISTAD<\/strong><\/h4>\n\n\n\n<p class=\"has-text-align-center\">( ADELANTO \/ PREVIEW )<\/p>\n\n\n\n<figure class=\"wp-block-audio\"><audio controls src=\"https:\/\/lezhan-music.com\/wp-content\/uploads\/2026\/03\/Preview_La-Amistad.wav\"><\/audio><\/figure>\n\n\n\n<h4 class=\"wp-block-heading has-text-align-center\">05. <strong>EL MUNDO<\/strong><\/h4>\n\n\n\n<p class=\"has-text-align-center\">( ADELANTO \/ PREVIEW )<\/p>\n\n\n\n<figure class=\"wp-block-audio\"><audio controls src=\"https:\/\/lezhan-music.com\/wp-content\/uploads\/2026\/03\/Preview_el-mundo.wav\"><\/audio><\/figure>\n\n\n\n<h4 class=\"wp-block-heading has-text-align-center\">06. <strong>MI GENERACI\u00d3N<\/strong><\/h4>\n\n\n\n<p class=\"has-text-align-center\">( ADELANTO \/ PREVIEW )<\/p>\n\n\n\n<figure class=\"wp-block-audio\"><audio controls src=\"https:\/\/lezhan-music.com\/wp-content\/uploads\/2026\/03\/Preview_Mi-generacion.wav\"><\/audio><\/figure>\n\n\n\n<h4 class=\"wp-block-heading has-text-align-center\">07. <strong>TU SONRISA<\/strong><\/h4>\n\n\n\n<p class=\"has-text-align-center\">( ADELANTO \/ PREVIEW )<\/p>\n\n\n\n<figure class=\"wp-block-audio\"><audio controls src=\"https:\/\/lezhan-music.com\/wp-content\/uploads\/2026\/03\/Preview_Tu-sonrisa.wav\"><\/audio><\/figure>\n\n\n\n<h4 class=\"wp-block-heading has-text-align-center\">08. <strong>TU CAMINO<\/strong><\/h4>\n\n\n\n<p class=\"has-text-align-center\">( ADELANTO \/ PREVIEW )<\/p>\n\n\n\n<figure class=\"wp-block-audio\"><audio controls src=\"https:\/\/lezhan-music.com\/wp-content\/uploads\/2026\/03\/Preview_tu-camino-1.wav\"><\/audio><\/figure>\n\n\n\n<h4 class=\"wp-block-heading has-text-align-center\">09. <strong>PENSANDO EN TI<\/strong><\/h4>\n\n\n\n<p class=\"has-text-align-center\">( ADELANTO \/ PREVIEW )<\/p>\n\n\n\n<figure class=\"wp-block-audio\"><audio controls src=\"https:\/\/lezhan-music.com\/wp-content\/uploads\/2026\/03\/Preview_Pensando-en-ti.wav\"><\/audio><\/figure>\n\n\n\n<h4 class=\"wp-block-heading has-text-align-center\"><strong>10. LA P\u00c9RDIDA<\/strong><\/h4>\n\n\n\n<p class=\"has-text-align-center\">( ADELANTO \/ PREVIEW )<\/p>\n\n\n\n<figure class=\"wp-block-audio\"><audio controls src=\"https:\/\/lezhan-music.com\/wp-content\/uploads\/2026\/03\/Preview_La-Perdida-2.wav\"><\/audio><\/figure>\n\n\n\n<h4 class=\"wp-block-heading has-text-align-center\">11. <strong>LA LUZ INTERIOR<\/strong><\/h4>\n\n\n\n<p class=\"has-text-align-center\">( ADELANTO \/ PREVIEW )<\/p>\n\n\n\n<figure class=\"wp-block-audio\"><audio controls src=\"https:\/\/lezhan-music.com\/wp-content\/uploads\/2026\/03\/Preview_luz-interior.wav\"><\/audio><\/figure>\n\n\n\n<h4 class=\"wp-block-heading has-text-align-center\">12. <strong>LOURDES<\/strong><\/h4>\n\n\n\n<p class=\"has-text-align-center\">( ADELANTO \/ PREVIEW )<\/p>\n\n\n\n<figure class=\"wp-block-audio\"><audio controls src=\"https:\/\/lezhan-music.com\/wp-content\/uploads\/2026\/03\/Preview_Lourdes.wav\"><\/audio><\/figure>\n\n\n\n<p><\/p>\n\n\n\n<hr class=\"wp-block-separator aligncenter has-alpha-channel-opacity is-style-wide\"\/>\n\n\n\n<div class=\"wp-block-buttons is-content-justification-center is-layout-flex wp-container-core-buttons-is-layout-a89b3969 wp-block-buttons-is-layout-flex\">\n<div class=\"wp-block-button\"><a class=\"wp-block-button__link has-text-align-center wp-element-button\" href=\"http:\/\/lezhan-music.com\/en\/product-category\/album\/\">BUY ALBUM<\/a><\/div>\n<\/div>\n\n\n\n<p><\/p>\n\n\n\n<p><\/p>","protected":false},"excerpt":{"rendered":"<p>EDM POSITIVO POSITIVE ELECTRONIC DANCE MUSIC Puedes escuchar toda mi m\u00fasica en esta web , y tambi\u00e9n disponible en Spotify , Apple M\u00fasic , Youtube M\u00fasic y en todas las plataformas musicales. EL SENTIDO DE LA VIDA \/ DANCE 01. EL SENTIDO DE LA VIDA ( ADELANTO \/ PREVIEW ) 02. LA NATURALEZA ( ADELANTO [&hellip;]<\/p>\n","protected":false},"author":1,"featured_media":0,"parent":0,"menu_order":0,"comment_status":"closed","ping_status":"closed","template":"","meta":{"footnotes":""},"class_list":["post-37","page","type-page","status-publish","hentry"],"blocksy_meta":[],"_hostinger_reach_plugin_has_subscription_block":false,"_hostinger_reach_plugin_is_elementor":false,"_links":{"self":[{"href":"https:\/\/lezhan-music.com\/en\/wp-json\/wp\/v2\/pages\/37","targetHints":{"allow":["GET"]}}],"collection":[{"href":"https:\/\/lezhan-music.com\/en\/wp-json\/wp\/v2\/pages"}],"about":[{"href":"https:\/\/lezhan-music.com\/en\/wp-json\/wp\/v2\/types\/page"}],"author":[{"embeddable":true,"href":"https:\/\/lezhan-music.com\/en\/wp-json\/wp\/v2\/users\/1"}],"replies":[{"embeddable":true,"href":"https:\/\/lezhan-music.com\/en\/wp-json\/wp\/v2\/comments?post=37"}],"version-history":[{"count":56,"href":"https:\/\/lezhan-music.com\/en\/wp-json\/wp\/v2\/pages\/37\/revisions"}],"predecessor-version":[{"id":742,"href":"https:\/\/lezhan-music.com\/en\/wp-json\/wp\/v2\/pages\/37\/revisions\/742"}],"wp:attachment":[{"href":"https:\/\/lezhan-music.com\/en\/wp-json\/wp\/v2\/media?parent=37"}],"curies":[{"name":"wp","href":"https:\/\/api.w.org\/{rel}","templated":true}]}}