{"id":304,"date":"2026-03-04T13:07:31","date_gmt":"2026-03-04T13:07:31","guid":{"rendered":"https:\/\/lezhan-music.com\/?page_id=304"},"modified":"2026-03-04T13:08:53","modified_gmt":"2026-03-04T13:08:53","slug":"derechos-de-autor","status":"publish","type":"page","link":"https:\/\/lezhan-music.com\/en\/derechos-de-autor\/","title":{"rendered":"Derechos de Autor"},"content":{"rendered":"<h3 class=\"wp-block-heading\">Propiedad Intelectual<\/h3>\n\n\n\n<p><\/p>\n\n\n\n<p><\/p>\n\n\n\n<p>Todas las obras musicales, letras, producciones y contenidos publicados en este sitio web pertenecen a Antonio Jurado ( Lezhan Music ) y se encuentran debidamente registradas conforme a la legislaci\u00f3n vigente en materia de propiedad intelectual.<\/p>\n\n\n\n<p>Queda estrictamente prohibida la reproducci\u00f3n, distribuci\u00f3n, comunicaci\u00f3n p\u00fablica o transformaci\u00f3n total o parcial de cualquier contenido sin la autorizaci\u00f3n expresa del autor.<\/p>\n\n\n\n<p>Las obras musicales publicadas en essta web est\u00e1n protegidas por derechos de autor y su uso no autorizado podr\u00e1 dar lugar a las acciones legales correspondientes.<\/p>\n\n\n\n<p>El contenido de esta p\u00e1gina tiene como \u00fanico fin la escucha y difusi\u00f3n promocional de las obras del autor.<\/p>\n\n\n\n<p>Para cualquier solicitud de uso, licencias o colaboraciones, puede contactar a trav\u00e9s de :<\/p>\n\n\n\n<p>Email: info@lezhan-music.com<\/p>\n\n\n\n<p>Copyright \u00a9 {2026} &#8211; Lezhan Music &#8211; Tony Jurado. Todos los derechos reservados.<\/p>","protected":false},"excerpt":{"rendered":"<p>Propiedad Intelectual Todas las obras musicales, letras, producciones y contenidos publicados en este sitio web pertenecen a Antonio Jurado ( Lezhan Music ) y se encuentran debidamente registradas conforme a la legislaci\u00f3n vigente en materia de propiedad intelectual. Queda estrictamente prohibida la reproducci\u00f3n, distribuci\u00f3n, comunicaci\u00f3n p\u00fablica o transformaci\u00f3n total o parcial de cualquier contenido sin [&hellip;]<\/p>\n","protected":false},"author":1,"featured_media":0,"parent":0,"menu_order":0,"comment_status":"closed","ping_status":"closed","template":"","meta":{"footnotes":""},"class_list":["post-304","page","type-page","status-publish","hentry"],"blocksy_meta":[],"_hostinger_reach_plugin_has_subscription_block":false,"_hostinger_reach_plugin_is_elementor":false,"_links":{"self":[{"href":"https:\/\/lezhan-music.com\/en\/wp-json\/wp\/v2\/pages\/304","targetHints":{"allow":["GET"]}}],"collection":[{"href":"https:\/\/lezhan-music.com\/en\/wp-json\/wp\/v2\/pages"}],"about":[{"href":"https:\/\/lezhan-music.com\/en\/wp-json\/wp\/v2\/types\/page"}],"author":[{"embeddable":true,"href":"https:\/\/lezhan-music.com\/en\/wp-json\/wp\/v2\/users\/1"}],"replies":[{"embeddable":true,"href":"https:\/\/lezhan-music.com\/en\/wp-json\/wp\/v2\/comments?post=304"}],"version-history":[{"count":2,"href":"https:\/\/lezhan-music.com\/en\/wp-json\/wp\/v2\/pages\/304\/revisions"}],"predecessor-version":[{"id":306,"href":"https:\/\/lezhan-music.com\/en\/wp-json\/wp\/v2\/pages\/304\/revisions\/306"}],"wp:attachment":[{"href":"https:\/\/lezhan-music.com\/en\/wp-json\/wp\/v2\/media?parent=304"}],"curies":[{"name":"wp","href":"https:\/\/api.w.org\/{rel}","templated":true}]}}