{"id":134,"date":"2026-02-27T10:27:48","date_gmt":"2026-02-27T10:27:48","guid":{"rendered":"https:\/\/lezhan-music.com\/?page_id=134"},"modified":"2026-04-15T19:34:55","modified_gmt":"2026-04-15T19:34:55","slug":"pop-rock","status":"publish","type":"page","link":"https:\/\/lezhan-music.com\/en\/pop-rock\/","title":{"rendered":"POP \/ ROCK"},"content":{"rendered":"<p><\/p>\n\n\n\n<h3 class=\"wp-block-heading has-text-align-center\">POP\/ROCK<\/h3>\n\n\n\n<p class=\"translation-block\">You can listen to all my music on this website, and it also available on  <mark class=\"has-inline-color has-palette-color-2-color\">Spotify<\/mark> , <mark class=\"has-inline-color has-palette-color-2-color\">Apple M\u00fasic<\/mark> , <mark class=\"has-inline-color has-palette-color-2-color\">Youtube M\u00fasic<\/mark> and all major streaming plattforms.<\/p>\n\n\n\n<hr class=\"wp-block-separator aligncenter has-alpha-channel-opacity is-style-wide\"\/>\n\n\n\n<figure class=\"wp-block-image aligncenter size-full is-resized\"><img loading=\"lazy\" decoding=\"async\" width=\"1024\" height=\"1024\" src=\"https:\/\/lezhan-music.com\/wp-content\/uploads\/2026\/03\/XPortada_Los-Primeros-Pasos.png\" alt=\"\" class=\"wp-image-326\" style=\"width:450px;height:auto\" srcset=\"https:\/\/lezhan-music.com\/wp-content\/uploads\/2026\/03\/XPortada_Los-Primeros-Pasos.png 1024w, https:\/\/lezhan-music.com\/wp-content\/uploads\/2026\/03\/XPortada_Los-Primeros-Pasos-300x300.png 300w, https:\/\/lezhan-music.com\/wp-content\/uploads\/2026\/03\/XPortada_Los-Primeros-Pasos-100x100.png 100w, https:\/\/lezhan-music.com\/wp-content\/uploads\/2026\/03\/XPortada_Los-Primeros-Pasos-600x600.png 600w, https:\/\/lezhan-music.com\/wp-content\/uploads\/2026\/03\/XPortada_Los-Primeros-Pasos-500x500.png 500w, https:\/\/lezhan-music.com\/wp-content\/uploads\/2026\/03\/XPortada_Los-Primeros-Pasos-150x150.png 150w, https:\/\/lezhan-music.com\/wp-content\/uploads\/2026\/03\/XPortada_Los-Primeros-Pasos-768x768.png 768w\" sizes=\"auto, (max-width: 1024px) 100vw, 1024px\" \/><\/figure>\n\n\n\n<p><\/p>\n\n\n\n<hr class=\"wp-block-separator aligncenter has-alpha-channel-opacity is-style-wide\"\/>\n\n\n\n<h4 class=\"wp-block-heading has-text-align-center\">1. EL SENTIDO DE LA VIDA<\/h4>\n\n\n\n<audio controls controlslist=\"nodownload noplaybackrate\">\n  <source src=\"https:\/\/lezhan-music.com\/wp-content\/uploads\/2026\/03\/01.Lezhan_Music-El-sentido-de-la-vida_Los-Primeros-Pasos.mp3\" type=\"audio\/mpeg\">\n  Tu navegador no soporta audio.\n<\/audio>\n\n\n\n<h4 class=\"wp-block-heading has-text-align-center\">2. LA NATURALEZA<\/h4>\n\n\n\n<audio controls controlslist=\"nodownload noplaybackrate\">\n  <source src=\"https:\/\/lezhan-music.com\/wp-content\/uploads\/2026\/03\/02.Lezhan_Music-La-Naturaleza_Los-Primeros-Pasos.mp3\" type=\"audio\/mpeg\">\n  Tu navegador no soporta audio.\n<\/audio>\n\n\n\n<h4 class=\"wp-block-heading has-text-align-center\">3. EL MUNDO QUE NOS RODEA<\/h4>\n\n\n\n<audio controls controlslist=\"nodownload noplaybackrate\">\n  <source src=\"https:\/\/lezhan-music.com\/wp-content\/uploads\/2026\/03\/03.Lezhan_Music-El-mundo-que-nos-rodea_Los-Primeros-Pasos.mp3\" type=\"audio\/mpeg\">\n  Tu navegador no soporta audio.\n<\/audio>\n\n\n\n<h4 class=\"wp-block-heading has-text-align-center\">4. LA VIDA DE TODOS<\/h4>\n\n\n\n<audio controls controlslist=\"nodownload noplaybackrate\">\n  <source src=\"https:\/\/lezhan-music.com\/wp-content\/uploads\/2026\/03\/04.Lezhan_Music-La-vida-de-todos_Los-Primeros-Pasos.mp3\" type=\"audio\/mpeg\">\n  Tu navegador no soporta audio.\n<\/audio>\n\n\n\n<h4 class=\"wp-block-heading has-text-align-center\">5. MI GENERACI\u00d3N<\/h4>\n\n\n\n<audio controls controlslist=\"nodownload noplaybackrate\">\n  <source src=\"https:\/\/lezhan-music.com\/wp-content\/uploads\/2026\/03\/05.Lezhan_Music-Mi-Generacion_Los-Primeros-Pasos.mp3\" type=\"audio\/mpeg\">\n  Tu navegador no soporta audio.\n<\/audio>\n\n\n\n<h4 class=\"wp-block-heading has-text-align-center\">6. VENECIA<\/h4>\n\n\n\n<audio controls controlslist=\"nodownload noplaybackrate\">\n  <source src=\"https:\/\/lezhan-music.com\/wp-content\/uploads\/2026\/03\/06.Lezhan_Music-Venecia_Los-Primeros-Pasos.mp3\" type=\"audio\/mpeg\">\n  Tu navegador no soporta audio.\n<\/audio>\n\n\n\n<h4 class=\"wp-block-heading has-text-align-center\">7. LOS AMIGOS<\/h4>\n\n\n\n<audio controls controlslist=\"nodownload noplaybackrate\">\n  <source src=\"https:\/\/lezhan-music.com\/wp-content\/uploads\/2026\/03\/07.Lezhan_Music-Los-Amigos_Los-Primeros-Pasos.mp3\" type=\"audio\/mpeg\">\n  Tu navegador no soporta audio.\n<\/audio>\n\n\n\n<h4 class=\"wp-block-heading has-text-align-center\">8. LA LUZ INTERIOR<\/h4>\n\n\n\n<audio controls controlslist=\"nodownload noplaybackrate\">\n  <source src=\"https:\/\/lezhan-music.com\/wp-content\/uploads\/2026\/03\/08.Lezhan_Music-La-Luz-Interior_Los-Primeros-Pasos.mp3\" type=\"audio\/mpeg\">\n  Tu navegador no soporta audio.\n<\/audio>\n\n\n\n<h4 class=\"wp-block-heading has-text-align-center\">9. TU SONRISA<\/h4>\n\n\n\n<audio controls controlslist=\"nodownload noplaybackrate\">\n  <source src=\"https:\/\/lezhan-music.com\/wp-content\/uploads\/2026\/03\/09.Lezhan_Music-Tu-Sonrisa_Los-Primeros-Pasos.mp3\" type=\"audio\/mpeg\">\n  Tu navegador no soporta audio.\n<\/audio>\n\n\n\n<h4 class=\"wp-block-heading has-text-align-center\">10. ESTABA PENSANDO EN TI<\/h4>\n\n\n\n<audio controls controlslist=\"nodownload noplaybackrate\">\n  <source src=\"https:\/\/lezhan-music.com\/wp-content\/uploads\/2026\/03\/10.Lezhan_Music-He-pensado-en-ti_Los-Primeros-Pasos.mp3\" type=\"audio\/mpeg\">\n  Tu navegador no soporta audio.\n<\/audio>\n\n\n\n<h4 class=\"wp-block-heading has-text-align-center\">11. LA P\u00c9RDIDA<\/h4>\n\n\n\n<audio controls controlslist=\"nodownload noplaybackrate\">\n  <source src=\"https:\/\/lezhan-music.com\/wp-content\/uploads\/2026\/03\/11.Lezhan_Music-La-Perdida_Los-Primeros-Pasos.mp3\" type=\"audio\/mpeg\">\n  Tu navegador no soporta audio.\n<\/audio>\n\n\n\n<h4 class=\"wp-block-heading has-text-align-center\">12. LOURDES<\/h4>\n\n\n\n<audio controls controlslist=\"nodownload noplaybackrate\">\n  <source src=\"https:\/\/lezhan-music.com\/wp-content\/uploads\/2026\/03\/12.Lezhan_Music-Lourdes-Remastered_Los-Primeros-Pasos.mp3\" type=\"audio\/mpeg\">\n  Tu navegador no soporta audio.\n<\/audio>\n\n\n\n<hr class=\"wp-block-separator has-alpha-channel-opacity is-style-wide\"\/>\n\n\n\n<div class=\"wp-block-columns is-layout-flex wp-container-core-columns-is-layout-28f84493 wp-block-columns-is-layout-flex\">\n<div class=\"wp-block-column is-layout-flow wp-block-column-is-layout-flow\"><\/div>\n<\/div>\n\n\n\n<div class=\"wp-block-columns is-layout-flex wp-container-core-columns-is-layout-28f84493 wp-block-columns-is-layout-flex\">\n<div class=\"wp-block-column is-layout-flow wp-block-column-is-layout-flow\" style=\"flex-basis:100%\">\n<div class=\"wp-block-group is-layout-constrained wp-block-group-is-layout-constrained\">\n<div class=\"wp-block-buttons is-content-justification-center is-layout-flex wp-container-core-buttons-is-layout-86e1f5e2 wp-block-buttons-is-layout-flex\">\n<div class=\"wp-block-button\"><a class=\"wp-block-button__link wp-element-button\" href=\"http:\/\/lezhan-music.com\/en\/product-category\/album\/\">BUY ALBUM<\/a><\/div>\n<\/div>\n<\/div>\n<\/div>\n<\/div>\n\n\n\n<hr class=\"wp-block-separator has-alpha-channel-opacity is-style-wide\"\/>\n\n\n\n<figure class=\"wp-block-image aligncenter size-full is-resized\"><img loading=\"lazy\" decoding=\"async\" width=\"1024\" height=\"1024\" src=\"https:\/\/lezhan-music.com\/wp-content\/uploads\/2026\/03\/Portada_En-el-Camino.png\" alt=\"\" class=\"wp-image-324\" style=\"width:470px;height:auto\" srcset=\"https:\/\/lezhan-music.com\/wp-content\/uploads\/2026\/03\/Portada_En-el-Camino.png 1024w, https:\/\/lezhan-music.com\/wp-content\/uploads\/2026\/03\/Portada_En-el-Camino-300x300.png 300w, https:\/\/lezhan-music.com\/wp-content\/uploads\/2026\/03\/Portada_En-el-Camino-100x100.png 100w, https:\/\/lezhan-music.com\/wp-content\/uploads\/2026\/03\/Portada_En-el-Camino-600x600.png 600w, https:\/\/lezhan-music.com\/wp-content\/uploads\/2026\/03\/Portada_En-el-Camino-500x500.png 500w, https:\/\/lezhan-music.com\/wp-content\/uploads\/2026\/03\/Portada_En-el-Camino-150x150.png 150w, https:\/\/lezhan-music.com\/wp-content\/uploads\/2026\/03\/Portada_En-el-Camino-768x768.png 768w\" sizes=\"auto, (max-width: 1024px) 100vw, 1024px\" \/><\/figure>\n\n\n\n<p class=\"has-text-align-center\">NUEVO DISCO  \u00bb <mark style=\"background-color:rgba(0, 0, 0, 0);color:#00d084\" class=\"has-inline-color\">EN CREACI\u00d3N<\/mark> \u00ab<\/p>\n\n\n\n<p><\/p>\n\n\n\n<hr class=\"wp-block-separator has-alpha-channel-opacity is-style-wide\"\/>\n\n\n\n<h4 class=\"wp-block-heading has-text-align-center\">1. UNA MUJER<\/h4>\n\n\n\n<audio controls controlslist=\"nodownload noplaybackrate\">\n  <source src=\"https:\/\/lezhan-music.com\/wp-content\/uploads\/2026\/04\/5.Una-Mujer_En-el-Camino_Lezhan-Music.wav\" type=\"audio\/mpeg\">\n  Tu navegador no soporta audio.\n<\/audio>\n\n\n\n<h4 class=\"wp-block-heading has-text-align-center\">2. LA AUTOESTIMA<\/h4>\n\n\n\n<audio controls controlslist=\"nodownload noplaybackrate\">\n  <source src=\"https:\/\/lezhan-music.com\/wp-content\/uploads\/2026\/04\/2.La-Autoestima_En-el-Camino_Lezhan-Music.wav\" type=\"audio\/mpeg\">\n  Tu navegador no soporta audio.\n<\/audio>\n\n\n\n<h4 class=\"wp-block-heading has-text-align-center\">3. LA ILUSI\u00d3N<\/h4>\n\n\n\n<audio controls controlslist=\"nodownload noplaybackrate\">\n  <source src=\"https:\/\/lezhan-music.com\/wp-content\/uploads\/2026\/04\/3.La-Ilusion_En-el-Camino_Lezhan-Music.wav\" type=\"audio\/mpeg\">\n  Tu navegador no soporta audio.\n<\/audio>\n\n\n\n<h4 class=\"wp-block-heading has-text-align-center\">4. DOS ALMAS<\/h4>\n\n\n\n<audio controls controlslist=\"nodownload noplaybackrate\">\n  <source src=\"https:\/\/lezhan-music.com\/wp-content\/uploads\/2026\/04\/4.Dos-Almas_En-El-Camino_Lezhan-Music-1.wav\" type=\"audio\/mpeg\">\n  Tu navegador no soporta audio.\n<\/audio>\n\n\n\n<h4 class=\"wp-block-heading has-text-align-center\">5. EL CAMINO<\/h4>\n\n\n\n<audio controls controlslist=\"nodownload noplaybackrate\">\n  <source src=\"https:\/\/lezhan-music.com\/wp-content\/uploads\/2026\/04\/1.El-Camino_En-el-Camino_Lezhan-Music-1.wav\" type=\"audio\/mpeg\">\n  Tu navegador no soporta audio.\n<\/audio>","protected":false},"excerpt":{"rendered":"<p>POP\/ROCK Puedes escuchar toda mi m\u00fasica en esta web , y tambi\u00e9n disponible en Spotify , Apple M\u00fasic , Youtube M\u00fasic y en todas las plataformas musicales. 1. EL SENTIDO DE LA VIDA Tu navegador no soporta audio. 2. LA NATURALEZA Tu navegador no soporta audio. 3. EL MUNDO QUE NOS RODEA Tu navegador no [&hellip;]<\/p>\n","protected":false},"author":1,"featured_media":0,"parent":0,"menu_order":0,"comment_status":"closed","ping_status":"closed","template":"","meta":{"footnotes":""},"class_list":["post-134","page","type-page","status-publish","hentry"],"blocksy_meta":[],"_hostinger_reach_plugin_has_subscription_block":false,"_hostinger_reach_plugin_is_elementor":false,"_links":{"self":[{"href":"https:\/\/lezhan-music.com\/en\/wp-json\/wp\/v2\/pages\/134","targetHints":{"allow":["GET"]}}],"collection":[{"href":"https:\/\/lezhan-music.com\/en\/wp-json\/wp\/v2\/pages"}],"about":[{"href":"https:\/\/lezhan-music.com\/en\/wp-json\/wp\/v2\/types\/page"}],"author":[{"embeddable":true,"href":"https:\/\/lezhan-music.com\/en\/wp-json\/wp\/v2\/users\/1"}],"replies":[{"embeddable":true,"href":"https:\/\/lezhan-music.com\/en\/wp-json\/wp\/v2\/comments?post=134"}],"version-history":[{"count":52,"href":"https:\/\/lezhan-music.com\/en\/wp-json\/wp\/v2\/pages\/134\/revisions"}],"predecessor-version":[{"id":903,"href":"https:\/\/lezhan-music.com\/en\/wp-json\/wp\/v2\/pages\/134\/revisions\/903"}],"wp:attachment":[{"href":"https:\/\/lezhan-music.com\/en\/wp-json\/wp\/v2\/media?parent=134"}],"curies":[{"name":"wp","href":"https:\/\/api.w.org\/{rel}","templated":true}]}}