{"id":132,"date":"2026-02-27T10:27:31","date_gmt":"2026-02-27T10:27:31","guid":{"rendered":"https:\/\/lezhan-music.com\/?page_id=132"},"modified":"2026-03-26T11:12:20","modified_gmt":"2026-03-26T11:12:20","slug":"dark-edm","status":"publish","type":"page","link":"https:\/\/lezhan-music.com\/en\/dark-edm\/","title":{"rendered":"EMO EEM"},"content":{"rendered":"<h2 class=\"wp-block-heading has-text-align-center\">EMOTIONAL EEM<\/h2>\n\n\n\n<p class=\"has-text-align-center\"><strong>EMOTIONAL ELECTRONIC M\u00daSIC<\/strong> ( M\u00fasica Electronica Emocional )<\/p>\n\n\n\n<p class=\"translation-block\">You can listen to all my music on this website, and it also available on  <mark class=\"has-inline-color has-palette-color-2-color\">Spotify<\/mark> , <mark class=\"has-inline-color has-palette-color-2-color\">Apple M\u00fasic<\/mark> , <mark class=\"has-inline-color has-palette-color-2-color\">Youtube M\u00fasic<\/mark> and all major streaming plattforms.<\/p>\n\n\n\n<h5 class=\"wp-block-heading has-text-align-center\">LATEST RELEASE <\/h5>\n\n\n\n<p class=\"has-text-align-center\"><strong>(<mark style=\"background-color:rgba(0, 0, 0, 0);color:#00d084\" class=\"has-inline-color\">In Progress<\/mark>)<\/strong><\/p>\n\n\n\n<hr class=\"wp-block-separator aligncenter has-alpha-channel-opacity is-style-wide\"\/>\n\n\n\n<figure class=\"wp-block-image aligncenter size-full is-resized\"><img loading=\"lazy\" decoding=\"async\" width=\"1024\" height=\"1024\" src=\"https:\/\/lezhan-music.com\/wp-content\/uploads\/2026\/03\/Ximagen_Portada.png\" alt=\"\" class=\"wp-image-194\" style=\"width:452px;height:auto\" srcset=\"https:\/\/lezhan-music.com\/wp-content\/uploads\/2026\/03\/Ximagen_Portada.png 1024w, https:\/\/lezhan-music.com\/wp-content\/uploads\/2026\/03\/Ximagen_Portada-300x300.png 300w, https:\/\/lezhan-music.com\/wp-content\/uploads\/2026\/03\/Ximagen_Portada-100x100.png 100w, https:\/\/lezhan-music.com\/wp-content\/uploads\/2026\/03\/Ximagen_Portada-600x600.png 600w, https:\/\/lezhan-music.com\/wp-content\/uploads\/2026\/03\/Ximagen_Portada-500x500.png 500w, https:\/\/lezhan-music.com\/wp-content\/uploads\/2026\/03\/Ximagen_Portada-150x150.png 150w, https:\/\/lezhan-music.com\/wp-content\/uploads\/2026\/03\/Ximagen_Portada-768x768.png 768w\" sizes=\"auto, (max-width: 1024px) 100vw, 1024px\" \/><\/figure>\n\n\n\n<hr class=\"wp-block-separator has-alpha-channel-opacity is-style-wide\"\/>\n\n\n\n<h4 class=\"wp-block-heading has-text-align-center\">1. LA P\u00c9RDIDA <\/h4>\n\n\n\n<h5 class=\"wp-block-heading has-text-align-center\">( Adelanto \/ Preview )<\/h5>\n\n\n\n<figure class=\"wp-block-audio\"><audio controls src=\"https:\/\/lezhan-music.com\/wp-content\/uploads\/2026\/03\/Preview_La-Perdida-1.wav\"><\/audio><\/figure>\n\n\n\n<h4 class=\"wp-block-heading has-text-align-center\">2. LA ILUSI\u00d3N <\/h4>\n\n\n\n<h5 class=\"wp-block-heading has-text-align-center\">( Adelanto \/ Preview )<\/h5>\n\n\n\n<figure class=\"wp-block-audio\"><audio controls src=\"https:\/\/lezhan-music.com\/wp-content\/uploads\/2026\/03\/Preview_La-Ilusion-1.wav\"><\/audio><\/figure>\n\n\n\n<h4 class=\"wp-block-heading has-text-align-center\">3. UNA MUJER <\/h4>\n\n\n\n<h5 class=\"wp-block-heading has-text-align-center\">( Adelanto \/ Preview )<\/h5>\n\n\n\n<figure class=\"wp-block-audio\"><audio controls src=\"https:\/\/lezhan-music.com\/wp-content\/uploads\/2026\/03\/Preview_Una-Mujer-2.wav\"><\/audio><\/figure>\n\n\n\n<h4 class=\"wp-block-heading has-text-align-center\">4. LA AUTOESTIMA <\/h4>\n\n\n\n<h5 class=\"wp-block-heading has-text-align-center\">( Adelanto \/ Preview )<\/h5>\n\n\n\n<figure class=\"wp-block-audio\"><audio controls src=\"https:\/\/lezhan-music.com\/wp-content\/uploads\/2026\/03\/Preview_Autoestima-2.wav\"><\/audio><\/figure>\n\n\n\n<h4 class=\"wp-block-heading has-text-align-center\">5. DOS ALMAS <\/h4>\n\n\n\n<h5 class=\"wp-block-heading has-text-align-center\">( Adelanto \/ Preview )<\/h5>\n\n\n\n<figure class=\"wp-block-audio\"><audio controls src=\"https:\/\/lezhan-music.com\/wp-content\/uploads\/2026\/03\/Preview_Dos-Almas-1.wav\"><\/audio><\/figure>\n\n\n\n<h4 class=\"wp-block-heading has-text-align-center\">6. TU SONRISA <\/h4>\n\n\n\n<h5 class=\"wp-block-heading has-text-align-center\">( Adelanto \/ Preview )<\/h5>\n\n\n\n<figure class=\"wp-block-audio\"><audio controls src=\"https:\/\/lezhan-music.com\/wp-content\/uploads\/2026\/03\/Preview_Tu-Sonrisa-2.wav\"><\/audio><\/figure>\n\n\n\n<h4 class=\"wp-block-heading has-text-align-center\">7. EL DESAMOR <\/h4>\n\n\n\n<h5 class=\"wp-block-heading has-text-align-center\">( Adelanto \/ Preview )<\/h5>\n\n\n\n<figure class=\"wp-block-audio\"><audio controls src=\"https:\/\/lezhan-music.com\/wp-content\/uploads\/2026\/03\/Preview_El-Desamor.wav\"><\/audio><\/figure>\n\n\n\n<h4 class=\"wp-block-heading has-text-align-center\">8. EL SENTIDO DE LA VIDA<\/h4>\n\n\n\n<h5 class=\"wp-block-heading has-text-align-center\"><strong>( Adelanto \/ Preview )<\/strong><\/h5>\n\n\n\n<figure class=\"wp-block-audio\"><audio controls src=\"https:\/\/lezhan-music.com\/wp-content\/uploads\/2026\/03\/Preview_Sentido-Vida.wav\"><\/audio><\/figure>\n\n\n\n<h5 class=\"wp-block-heading has-text-align-center\">EXCLUSIVE ALBUM VERSION <\/h5>\n\n\n\n<h5 class=\"wp-block-heading has-text-align-center\">( BONUS TRACK )<\/h5>\n\n\n\n<h4 class=\"wp-block-heading has-text-align-center\">00. AUTOESTIMA ESP.<\/h4>\n\n\n\n<h5 class=\"wp-block-heading has-text-align-center\">( Adelanto \/ Preview )<\/h5>\n\n\n\n<figure class=\"wp-block-audio\"><audio controls src=\"https:\/\/lezhan-music.com\/wp-content\/uploads\/2026\/03\/Preview_Autoestima_ESP.wav\"><\/audio><\/figure>\n\n\n\n<hr class=\"wp-block-separator aligncenter has-alpha-channel-opacity is-style-wide\"\/>\n\n\n\n<div class=\"wp-block-buttons is-content-justification-center is-layout-flex wp-container-core-buttons-is-layout-a89b3969 wp-block-buttons-is-layout-flex\">\n<div class=\"wp-block-button\"><a class=\"wp-block-button__link wp-element-button\">BUY ALBUM<\/a><\/div>\n<\/div>\n\n\n\n<p><\/p>","protected":false},"excerpt":{"rendered":"<p>EEM EMOCIONAL EMOTIONAL ELECTRONIC M\u00daSIC ( M\u00fasica Electronica Emocional ) Puedes escuchar toda mi m\u00fasica en esta web , y tambi\u00e9n disponible en Spotify , Apple M\u00fasic , Youtube M\u00fasic y en todas las plataformas musicales. PR\u00d3XIMO LANZAMIENTO (En Creaci\u00f3n) 1. LA P\u00c9RDIDA ( Adelanto \/ Preview ) 2. LA ILUSI\u00d3N ( Adelanto \/ Preview [&hellip;]<\/p>\n","protected":false},"author":1,"featured_media":0,"parent":0,"menu_order":0,"comment_status":"closed","ping_status":"closed","template":"","meta":{"footnotes":""},"class_list":["post-132","page","type-page","status-publish","hentry"],"blocksy_meta":[],"_hostinger_reach_plugin_has_subscription_block":false,"_hostinger_reach_plugin_is_elementor":false,"_links":{"self":[{"href":"https:\/\/lezhan-music.com\/en\/wp-json\/wp\/v2\/pages\/132","targetHints":{"allow":["GET"]}}],"collection":[{"href":"https:\/\/lezhan-music.com\/en\/wp-json\/wp\/v2\/pages"}],"about":[{"href":"https:\/\/lezhan-music.com\/en\/wp-json\/wp\/v2\/types\/page"}],"author":[{"embeddable":true,"href":"https:\/\/lezhan-music.com\/en\/wp-json\/wp\/v2\/users\/1"}],"replies":[{"embeddable":true,"href":"https:\/\/lezhan-music.com\/en\/wp-json\/wp\/v2\/comments?post=132"}],"version-history":[{"count":71,"href":"https:\/\/lezhan-music.com\/en\/wp-json\/wp\/v2\/pages\/132\/revisions"}],"predecessor-version":[{"id":892,"href":"https:\/\/lezhan-music.com\/en\/wp-json\/wp\/v2\/pages\/132\/revisions\/892"}],"wp:attachment":[{"href":"https:\/\/lezhan-music.com\/en\/wp-json\/wp\/v2\/media?parent=132"}],"curies":[{"name":"wp","href":"https:\/\/api.w.org\/{rel}","templated":true}]}}