{"id":12,"date":"2026-02-26T00:40:41","date_gmt":"2026-02-26T00:40:41","guid":{"rendered":"https:\/\/lightsalmon-alpaca-398316.hostingersite.com\/contacto\/"},"modified":"2026-03-03T23:19:50","modified_gmt":"2026-03-03T23:19:50","slug":"contacto","status":"publish","type":"page","link":"https:\/\/lezhan-music.com\/en\/contacto\/","title":{"rendered":"CONTACTO &#8211; Lezhan Music"},"content":{"rendered":"<p><strong>Producci\u00f3n musical &#8211; Colaboraciones &#8211; Contrataci\u00f3n &#8211; Medios<\/strong><\/p>\n\n\n\n<p><\/p>\n\n\n\n<p><mark style=\"background-color:rgba(0, 0, 0, 0)\" class=\"has-inline-color has-palette-color-8-color\">Si eres artista, medio de comunicaci\u00f3n, emisora de radio o profesional del sector musical y quieres trabajar conmigo, estar\u00e9 encantado de escucharte.<\/mark><\/p>\n\n\n\n<p><\/p>\n\n\n\n<p><mark style=\"background-color:rgba(0, 0, 0, 0)\" class=\"has-inline-color has-palette-color-8-color\">Todas las propuestas ser\u00e1n atendidas de manera profesional.<\/mark><\/p>\n\n\n\n<p><\/p>\n\n\n\n<p><\/p>\n\n\n\n<h3 class=\"wp-block-heading\">DATOS DE CONTACTO<\/h3>\n\n\n\n<p><strong>Lezhan Music<\/strong>     <\/p>\n\n\n\n<p><mark style=\"background-color:rgba(0, 0, 0, 0);color:#ffffff\" class=\"has-inline-color\">Tony Jurado<\/mark><\/p>\n\n\n\n<p><mark style=\"background-color:rgba(0, 0, 0, 0);color:#ffffff\" class=\"has-inline-color\">Productor Musical  <\/mark>                                                                                                                                                                         <\/p>\n\n\n\n<p><\/p>\n\n\n\n<p><a href=\"mailto:info@lezhan-music.com\">Email: info@lezhan-music.com<\/a><\/p>\n\n\n\n\n\n<p><a href=\"https:\/\/wa.me\/34635918872\" data-type=\"link\" data-id=\"https:\/\/wa.me\/34635918872\">WhatsApp: 635918872<\/a><\/p>\n\n\n\n<p><a href=\"https:\/\/lezhan-music.com\/en\/\">Web: www.lezhan-music.com<\/a><\/p>\n\n\n\n<p><\/p>\n\n\n\n<h3 class=\"wp-block-heading\"><\/h3>","protected":false},"excerpt":{"rendered":"<p>Producci\u00f3n musical &#8211; Colaboraciones &#8211; Contrataci\u00f3n &#8211; Medios Si eres artista, medio de comunicaci\u00f3n, emisora de radio o profesional del sector musical y quieres trabajar conmigo, estar\u00e9 encantado de escucharte. Todas las propuestas ser\u00e1n atendidas de manera profesional. DATOS DE CONTACTO Lezhan Music Tony Jurado Productor Musical Email: info@lezhan-music.com WhatsApp: 635918872 Web: www.lezhan-music.com<\/p>","protected":false},"author":1,"featured_media":0,"parent":0,"menu_order":0,"comment_status":"closed","ping_status":"closed","template":"","meta":{"footnotes":""},"class_list":["post-12","page","type-page","status-publish","hentry"],"blocksy_meta":[],"_hostinger_reach_plugin_has_subscription_block":false,"_hostinger_reach_plugin_is_elementor":false,"_links":{"self":[{"href":"https:\/\/lezhan-music.com\/en\/wp-json\/wp\/v2\/pages\/12","targetHints":{"allow":["GET"]}}],"collection":[{"href":"https:\/\/lezhan-music.com\/en\/wp-json\/wp\/v2\/pages"}],"about":[{"href":"https:\/\/lezhan-music.com\/en\/wp-json\/wp\/v2\/types\/page"}],"author":[{"embeddable":true,"href":"https:\/\/lezhan-music.com\/en\/wp-json\/wp\/v2\/users\/1"}],"replies":[{"embeddable":true,"href":"https:\/\/lezhan-music.com\/en\/wp-json\/wp\/v2\/comments?post=12"}],"version-history":[{"count":6,"href":"https:\/\/lezhan-music.com\/en\/wp-json\/wp\/v2\/pages\/12\/revisions"}],"predecessor-version":[{"id":280,"href":"https:\/\/lezhan-music.com\/en\/wp-json\/wp\/v2\/pages\/12\/revisions\/280"}],"wp:attachment":[{"href":"https:\/\/lezhan-music.com\/en\/wp-json\/wp\/v2\/media?parent=12"}],"curies":[{"name":"wp","href":"https:\/\/api.w.org\/{rel}","templated":true}]}}