{"id":106,"date":"2026-02-27T09:44:50","date_gmt":"2026-02-27T09:44:50","guid":{"rendered":"https:\/\/lezhan-music.com\/?page_id=106"},"modified":"2026-03-30T13:38:35","modified_gmt":"2026-03-30T13:38:35","slug":"inicio-2","status":"publish","type":"page","link":"https:\/\/lezhan-music.com\/en\/inicio-2\/","title":{"rendered":"START"},"content":{"rendered":"<h3 class=\"wp-block-heading has-text-align-center\"><mark style=\"background-color:rgba(0, 0, 0, 0)\" class=\"has-inline-color has-palette-color-1-color\">LEZHAN MUSIC.COM<\/mark><\/h3>\n\n\n\n<figure class=\"wp-block-image aligncenter size-full is-resized\"><img loading=\"lazy\" decoding=\"async\" width=\"1024\" height=\"1024\" src=\"https:\/\/lezhan-music.com\/wp-content\/uploads\/2026\/02\/Logo-1.png\" alt=\"\" class=\"wp-image-109\" style=\"width:354px;height:auto\" srcset=\"https:\/\/lezhan-music.com\/wp-content\/uploads\/2026\/02\/Logo-1.png 1024w, https:\/\/lezhan-music.com\/wp-content\/uploads\/2026\/02\/Logo-1-300x300.png 300w, https:\/\/lezhan-music.com\/wp-content\/uploads\/2026\/02\/Logo-1-100x100.png 100w, https:\/\/lezhan-music.com\/wp-content\/uploads\/2026\/02\/Logo-1-600x600.png 600w, https:\/\/lezhan-music.com\/wp-content\/uploads\/2026\/02\/Logo-1-500x500.png 500w, https:\/\/lezhan-music.com\/wp-content\/uploads\/2026\/02\/Logo-1-150x150.png 150w, https:\/\/lezhan-music.com\/wp-content\/uploads\/2026\/02\/Logo-1-768x768.png 768w\" sizes=\"auto, (max-width: 1024px) 100vw, 1024px\" \/><\/figure>\n\n\n\n<p class=\"translation-block\">You can listen to all my music on this website, and it also available on  <mark class=\"has-inline-color has-palette-color-2-color\">Spotify<\/mark> , <mark class=\"has-inline-color has-palette-color-2-color\">Apple M\u00fasic<\/mark> , <mark class=\"has-inline-color has-palette-color-2-color\">Youtube M\u00fasic<\/mark> and all major streaming plattforms.<\/p>\n\n\n\n<p><\/p>\n\n\n\n<hr class=\"wp-block-separator has-alpha-channel-opacity is-style-wide\"\/>\n\n\n\n<div class=\"wp-block-columns is-layout-flex wp-container-core-columns-is-layout-28f84493 wp-block-columns-is-layout-flex\">\n<div class=\"wp-block-column is-layout-flow wp-block-column-is-layout-flow\">\n<figure class=\"wp-block-image size-full is-resized\"><img loading=\"lazy\" decoding=\"async\" width=\"2560\" height=\"2560\" src=\"https:\/\/lezhan-music.com\/wp-content\/uploads\/2026\/03\/12842-scaled.png\" alt=\"\" class=\"wp-image-543\" style=\"width:399px;height:auto\" srcset=\"https:\/\/lezhan-music.com\/wp-content\/uploads\/2026\/03\/12842-scaled.png 2560w, https:\/\/lezhan-music.com\/wp-content\/uploads\/2026\/03\/12842-300x300.png 300w, https:\/\/lezhan-music.com\/wp-content\/uploads\/2026\/03\/12842-1024x1024.png 1024w, https:\/\/lezhan-music.com\/wp-content\/uploads\/2026\/03\/12842-150x150.png 150w, https:\/\/lezhan-music.com\/wp-content\/uploads\/2026\/03\/12842-768x768.png 768w, https:\/\/lezhan-music.com\/wp-content\/uploads\/2026\/03\/12842-1536x1536.png 1536w, https:\/\/lezhan-music.com\/wp-content\/uploads\/2026\/03\/12842-2048x2048.png 2048w, https:\/\/lezhan-music.com\/wp-content\/uploads\/2026\/03\/12842-500x500.png 500w, https:\/\/lezhan-music.com\/wp-content\/uploads\/2026\/03\/12842-600x600.png 600w, https:\/\/lezhan-music.com\/wp-content\/uploads\/2026\/03\/12842-100x100.png 100w\" sizes=\"auto, (max-width: 2560px) 100vw, 2560px\" \/><\/figure>\n\n\n\n<p><\/p>\n<\/div>\n\n\n\n<div class=\"wp-block-column is-layout-flow wp-block-column-is-layout-flow\">\n<h3 class=\"wp-block-heading alignwide has-text-align-center\">LATEST RELEASE<\/h3>\n\n\n\n<h4 class=\"wp-block-heading has-text-align-center\">DANCE of the SOULS<\/h4>\n\n\n\n<p class=\"has-text-align-center\">New Release from Lezhan Music.<\/p>\n\n\n\n<p class=\"has-text-align-center\">A Collection of songs that mark the beginning of a musical journey full of energy, emotion, and passion for music.<\/p>\n\n\n\n<div class=\"wp-block-buttons alignwide is-content-justification-center is-layout-flex wp-container-core-buttons-is-layout-a89b3969 wp-block-buttons-is-layout-flex\">\n<div class=\"wp-block-button is-style-fill\"><a class=\"wp-block-button__link wp-element-button\" href=\"https:\/\/lezhan-music.com\/en\/eem-english\/\">LISTEN NOW<\/a><\/div>\n<\/div>\n\n\n\n<figure class=\"wp-block-audio\"><audio controls src=\"https:\/\/lezhan-music.com\/wp-content\/uploads\/2026\/03\/PreviewENG_Road-of-Life.wav\"><\/audio><\/figure>\n<\/div>\n<\/div>\n\n\n\n<hr class=\"wp-block-separator has-alpha-channel-opacity is-style-wide\"\/>\n\n\n\n<h2 class=\"wp-block-heading has-text-align-center\">MENU<\/h2>\n\n\n\n<hr class=\"wp-block-separator has-alpha-channel-opacity is-style-wide\"\/>\n\n\n\n<div class=\"wp-block-buttons alignwide is-content-justification-center is-layout-flex wp-container-core-buttons-is-layout-a89b3969 wp-block-buttons-is-layout-flex\">\n<div class=\"wp-block-button\"><a class=\"wp-block-button__link wp-element-button\" href=\"https:\/\/lezhan-music.com\/en\/pop-rock\/\">POP\/ROCK<\/a><\/div>\n\n\n\n<div class=\"wp-block-button is-style-fill\"><a class=\"wp-block-button__link wp-element-button\" href=\"https:\/\/lezhan-music.com\/en\/edm\/\"> POSITIVE EDM<\/a><\/div>\n\n\n\n<div class=\"wp-block-button is-style-fill\"><a class=\"wp-block-button__link wp-element-button\" href=\"https:\/\/lezhan-music.com\/en\/dark-edm\/\">EMO EEM<\/a><\/div>\n\n\n\n<div class=\"wp-block-button is-style-fill\"><a class=\"wp-block-button__link wp-element-button\" href=\"https:\/\/lezhan-music.com\/en\/eem-english\/\">ENGLISH EEM<\/a><\/div>\n<\/div>\n\n\n\n<div class=\"wp-block-buttons alignwide is-content-justification-center is-layout-flex wp-container-core-buttons-is-layout-a89b3969 wp-block-buttons-is-layout-flex\">\n<div class=\"wp-block-button\"><a class=\"wp-block-button__link wp-element-button\" href=\"\/en\/COLABORACIONES\/\">COLLABORATIONS<\/a><\/div>\n<\/div>\n\n\n\n<div class=\"wp-block-buttons is-content-justification-center is-layout-flex wp-container-core-buttons-is-layout-a89b3969 wp-block-buttons-is-layout-flex\">\n<div class=\"wp-block-button\"><a class=\"wp-block-button__link wp-element-button\" href=\"https:\/\/lezhan-music.com\/en\/product-category\/album\/\">SHOP<\/a><\/div>\n\n\n\n<div class=\"wp-block-button\"><a class=\"wp-block-button__link wp-element-button\" href=\"https:\/\/lezhan-music.com\/en\/sobre-mi\/\">SOBRE M\u00cd<\/a><\/div>\n\n\n\n<div class=\"wp-block-button\"><a class=\"wp-block-button__link wp-element-button\" href=\"https:\/\/lezhan-music.com\/en\/novedades\/\">NEWS<\/a><\/div>\n\n\n\n<div class=\"wp-block-button is-style-fill\"><a class=\"wp-block-button__link wp-element-button\" href=\"https:\/\/lezhan-music.com\/en\/la-comunidad-del-vinilo\/\">THE COMMUNITY<\/a><\/div>\n<\/div>\n\n\n\n<hr class=\"wp-block-separator has-alpha-channel-opacity is-style-wide\"\/>\n\n\n\n<p><\/p>","protected":false},"excerpt":{"rendered":"<p>LEZHAN MUSIC.COM Puedes escuchar toda mi m\u00fasica en esta web , y tambi\u00e9n disponible en Spotify , Apple M\u00fasic , Youtube M\u00fasic y en todas las plataformas musicales. \u00daLTIMO LANZAMIENTO DANCE of the SOULS Nuevo Lanzamiento de Lezhan Music. Una colecci\u00f3n de canciones que marcan el inicio de un proyecto musical lleno de energ\u00eda, emoci\u00f3n [&hellip;]<\/p>\n","protected":false},"author":1,"featured_media":0,"parent":0,"menu_order":0,"comment_status":"closed","ping_status":"closed","template":"","meta":{"footnotes":""},"class_list":["post-106","page","type-page","status-publish","hentry"],"blocksy_meta":[],"_hostinger_reach_plugin_has_subscription_block":false,"_hostinger_reach_plugin_is_elementor":false,"_links":{"self":[{"href":"https:\/\/lezhan-music.com\/en\/wp-json\/wp\/v2\/pages\/106","targetHints":{"allow":["GET"]}}],"collection":[{"href":"https:\/\/lezhan-music.com\/en\/wp-json\/wp\/v2\/pages"}],"about":[{"href":"https:\/\/lezhan-music.com\/en\/wp-json\/wp\/v2\/types\/page"}],"author":[{"embeddable":true,"href":"https:\/\/lezhan-music.com\/en\/wp-json\/wp\/v2\/users\/1"}],"replies":[{"embeddable":true,"href":"https:\/\/lezhan-music.com\/en\/wp-json\/wp\/v2\/comments?post=106"}],"version-history":[{"count":87,"href":"https:\/\/lezhan-music.com\/en\/wp-json\/wp\/v2\/pages\/106\/revisions"}],"predecessor-version":[{"id":876,"href":"https:\/\/lezhan-music.com\/en\/wp-json\/wp\/v2\/pages\/106\/revisions\/876"}],"wp:attachment":[{"href":"https:\/\/lezhan-music.com\/en\/wp-json\/wp\/v2\/media?parent=106"}],"curies":[{"name":"wp","href":"https:\/\/api.w.org\/{rel}","templated":true}]}}